{"id":50,"date":"2014-03-19T22:20:53","date_gmt":"2014-03-19T21:20:53","guid":{"rendered":"http:\/\/www.proantic.com\/edition\/?page_id=50"},"modified":"2014-03-19T22:22:30","modified_gmt":"2014-03-19T21:22:30","slug":"qui-sommes-nous","status":"publish","type":"page","link":"https:\/\/www.proantic.com\/magazine\/qui-sommes-nous\/","title":{"rendered":"Qui sommes nous?"},"content":{"rendered":"<p><strong>Proantic est un site internet d\u00e9di\u00e9 aux antiquaires professionnels, cr\u00e9\u00e9 en Novembre 2009. Notre mission est de fournir aux antiquaires un march\u00e9 o\u00f9 leurs clients peuvent voir et acheter en toute confiance des antiquit\u00e9s de qualit\u00e9.<\/strong><br \/>\nProantic a \u00e9t\u00e9 cr\u00e9\u00e9 par Olivier et St\u00e9phane CAMUS et gr\u00e2ce l&rsquo;addition de leurs comp\u00e9tences.<\/p>\n<p><a href=\"https:\/\/i0.wp.com\/www.proantic.com\/edition\/wp-content\/uploads\/2014\/03\/os1.jpg\"><img data-recalc-dims=\"1\" loading=\"lazy\" decoding=\"async\" data-attachment-id=\"52\" data-permalink=\"https:\/\/www.proantic.com\/magazine\/qui-sommes-nous\/os1\/\" data-orig-file=\"https:\/\/i0.wp.com\/www.proantic.com\/magazine\/wp-content\/uploads\/2014\/03\/os1.jpg?fit=300%2C300&amp;ssl=1\" data-orig-size=\"300,300\" data-comments-opened=\"1\" data-image-meta=\"{&quot;aperture&quot;:&quot;5&quot;,&quot;credit&quot;:&quot;&quot;,&quot;camera&quot;:&quot;Canon EOS 400D DIGITAL&quot;,&quot;caption&quot;:&quot;&quot;,&quot;created_timestamp&quot;:&quot;1267121144&quot;,&quot;copyright&quot;:&quot;&quot;,&quot;focal_length&quot;:&quot;105&quot;,&quot;iso&quot;:&quot;400&quot;,&quot;shutter_speed&quot;:&quot;0.02&quot;,&quot;title&quot;:&quot;&quot;}\" data-image-title=\"Olivier \" data-image-description=\"\" data-image-caption=\"&lt;p&gt;Olivier Camus &lt;\/p&gt;\n\" data-medium-file=\"https:\/\/i0.wp.com\/www.proantic.com\/magazine\/wp-content\/uploads\/2014\/03\/os1.jpg?fit=300%2C300&amp;ssl=1\" data-large-file=\"https:\/\/i0.wp.com\/www.proantic.com\/magazine\/wp-content\/uploads\/2014\/03\/os1.jpg?fit=300%2C300&amp;ssl=1\" class=\" wp-image-52 alignleft\" alt=\"Olivier \" src=\"https:\/\/i0.wp.com\/www.proantic.com\/edition\/wp-content\/uploads\/2014\/03\/os1.jpg?resize=119%2C119\" width=\"119\" height=\"119\" srcset=\"https:\/\/i0.wp.com\/www.proantic.com\/magazine\/wp-content\/uploads\/2014\/03\/os1.jpg?w=300&amp;ssl=1 300w, https:\/\/i0.wp.com\/www.proantic.com\/magazine\/wp-content\/uploads\/2014\/03\/os1.jpg?resize=150%2C150&amp;ssl=1 150w\" sizes=\"auto, (max-width: 119px) 100vw, 119px\" \/><\/a>Antiquaires pendant plus de 15 ans sur le march\u00e9 des puces de Saint-Ouen, Olivier est \u00e0 l&rsquo;origine de l&rsquo;id\u00e9e de Proantic. En contact permanent avec les acteurs du march\u00e9 de l&rsquo;art et de l&rsquo;antiquit\u00e9, ses connaissances du march\u00e9 et des r\u00e9seaux sociaux lui permettent de trouver les \u00e9volutions n\u00e9cessaires pour faire de Proantic le premier site d&rsquo;antiquit\u00e9s de France.<br \/>\nIl anime la page <a title=\"Facebook Proantic \" href=\"https:\/\/www.facebook.com\/pages\/Proantic\/259180871793?ref=hl\">Facebook<\/a> ainsi que la page <a title=\"Google Plus Proantic \" href=\"https:\/\/plus.google.com\/+Proantic-antiquite\">Google plus <\/a>de Proantic.D&rsquo;une \u00e9nergie et d&rsquo;un enthousiame sans limite, Olivier aime le v\u00e9lo (surtout les cycles Alex Singer), l&rsquo;escalade, Rome et la libert\u00e9.<\/p>\n<p><a href=\"https:\/\/i0.wp.com\/www.proantic.com\/edition\/wp-content\/uploads\/2014\/03\/os4.jpg\" data-lightbox=\"gal[50]\"><img data-recalc-dims=\"1\" loading=\"lazy\" decoding=\"async\" data-attachment-id=\"53\" data-permalink=\"https:\/\/www.proantic.com\/magazine\/qui-sommes-nous\/os4\/\" data-orig-file=\"https:\/\/i0.wp.com\/www.proantic.com\/magazine\/wp-content\/uploads\/2014\/03\/os4.jpg?fit=300%2C300&amp;ssl=1\" data-orig-size=\"300,300\" data-comments-opened=\"1\" data-image-meta=\"{&quot;aperture&quot;:&quot;5.6&quot;,&quot;credit&quot;:&quot;Camus Stephane&quot;,&quot;camera&quot;:&quot;Canon EOS 60D&quot;,&quot;caption&quot;:&quot;&quot;,&quot;created_timestamp&quot;:&quot;1375218522&quot;,&quot;copyright&quot;:&quot;&quot;,&quot;focal_length&quot;:&quot;36&quot;,&quot;iso&quot;:&quot;250&quot;,&quot;shutter_speed&quot;:&quot;0.004&quot;,&quot;title&quot;:&quot;&quot;}\" data-image-title=\"st\u00e9phane\" data-image-description=\"\" data-image-caption=\"\" data-medium-file=\"https:\/\/i0.wp.com\/www.proantic.com\/magazine\/wp-content\/uploads\/2014\/03\/os4.jpg?fit=300%2C300&amp;ssl=1\" data-large-file=\"https:\/\/i0.wp.com\/www.proantic.com\/magazine\/wp-content\/uploads\/2014\/03\/os4.jpg?fit=300%2C300&amp;ssl=1\" class=\"alignleft  wp-image-53\" alt=\"st\u00e9phane\" src=\"https:\/\/i0.wp.com\/www.proantic.com\/edition\/wp-content\/uploads\/2014\/03\/os4.jpg?resize=126%2C126\" width=\"126\" height=\"126\" srcset=\"https:\/\/i0.wp.com\/www.proantic.com\/magazine\/wp-content\/uploads\/2014\/03\/os4.jpg?w=300&amp;ssl=1 300w, https:\/\/i0.wp.com\/www.proantic.com\/magazine\/wp-content\/uploads\/2014\/03\/os4.jpg?resize=150%2C150&amp;ssl=1 150w\" sizes=\"auto, (max-width: 126px) 100vw, 126px\" \/><\/a>Ing\u00e9nieur informaticien, St\u00e9phane a appris son m\u00e9tier \u00e0 Palo Alto, dans la Silicon Valley, o\u00f9 il a v\u00e9cu plus de 5 ans. Charg\u00e9 de tous les aspects techniques du site, de sa cr\u00e9ation, sa maintenance et son \u00e9volution, il assiste \u00e9galement les antiquaires quand ils rencontrent des probl\u00e8mes techniques.<br \/>\nPartageant sa vie entre la France et le Japon, il d\u00e9die tout son temps et son \u00e9nergie \u00e0 l&rsquo;am\u00e9lioration technique et \u00e0 la qualit\u00e9 du service de Proantic. Au pays du soleil levant, S\u00e9phane peut y suivre sa passion pour l&rsquo;aikido, le kyudo, et le beau sourire de son \u00e9pouse.<\/p>\n","protected":false},"excerpt":{"rendered":"<p>Proantic est un site internet d\u00e9di\u00e9 aux antiquaires professionnels, cr\u00e9\u00e9 en Novembre 2009. Notre mission est de fournir aux antiquaires un march\u00e9 o\u00f9 leurs clients peuvent voir et acheter en toute confiance des antiquit\u00e9s de qualit\u00e9. Proantic a \u00e9t\u00e9 cr\u00e9\u00e9 par Olivier et St\u00e9phane CAMUS et gr\u00e2ce l&rsquo;addition de leurs comp\u00e9tences. Antiquaires pendant plus de [&hellip;]<\/p>\n","protected":false},"author":5,"featured_media":0,"parent":0,"menu_order":0,"comment_status":"open","ping_status":"open","template":"","meta":{"jetpack_post_was_ever_published":false,"footnotes":""},"class_list":["post-50","page","type-page","status-publish","hentry"],"yoast_head":"<!-- This site is optimized with the Yoast SEO plugin v26.9 - https:\/\/yoast.com\/product\/yoast-seo-wordpress\/ -->\n<title>Qui sommes nous? Le Magazine de Proantic<\/title>\n<meta name=\"description\" content=\"Proantic est un site internet d\u00e9di\u00e9 aux antiquaires professionnels, cr\u00e9\u00e9 en Novembre 2009. Notre mission est de fournir aux antiquaires un march\u00e9 o\u00f9 leurs\" \/>\n<meta name=\"robots\" content=\"index, follow, max-snippet:-1, max-image-preview:large, max-video-preview:-1\" \/>\n<link rel=\"canonical\" href=\"https:\/\/www.proantic.com\/magazine\/qui-sommes-nous\/\" \/>\n<meta property=\"og:locale\" content=\"fr_FR\" \/>\n<meta property=\"og:type\" content=\"article\" \/>\n<meta property=\"og:title\" content=\"Qui sommes nous? Le Magazine de Proantic\" \/>\n<meta property=\"og:description\" content=\"Proantic est un site internet d\u00e9di\u00e9 aux antiquaires professionnels, cr\u00e9\u00e9 en Novembre 2009. Notre mission est de fournir aux antiquaires un march\u00e9 o\u00f9 leurs\" \/>\n<meta property=\"og:url\" content=\"https:\/\/www.proantic.com\/magazine\/qui-sommes-nous\/\" \/>\n<meta property=\"og:site_name\" content=\"Le Magazine de Proantic\" \/>\n<meta property=\"article:publisher\" content=\"https:\/\/www.facebook.com\/pages\/Proantic\/\/259180871793\" \/>\n<meta property=\"article:modified_time\" content=\"2014-03-19T21:22:30+00:00\" \/>\n<meta property=\"og:image\" content=\"http:\/\/www.proantic.com\/edition\/wp-content\/uploads\/2014\/03\/os1.jpg\" \/>\n<meta name=\"twitter:label1\" content=\"Dur\u00e9e de lecture estim\u00e9e\" \/>\n\t<meta name=\"twitter:data1\" content=\"1 minute\" \/>\n<script type=\"application\/ld+json\" class=\"yoast-schema-graph\">{\"@context\":\"https:\/\/schema.org\",\"@graph\":[{\"@type\":\"WebPage\",\"@id\":\"https:\/\/www.proantic.com\/magazine\/qui-sommes-nous\/\",\"url\":\"https:\/\/www.proantic.com\/magazine\/qui-sommes-nous\/\",\"name\":\"Qui sommes nous? Le Magazine de Proantic\",\"isPartOf\":{\"@id\":\"https:\/\/www.proantic.com\/magazine\/#website\"},\"primaryImageOfPage\":{\"@id\":\"https:\/\/www.proantic.com\/magazine\/qui-sommes-nous\/#primaryimage\"},\"image\":{\"@id\":\"https:\/\/www.proantic.com\/magazine\/qui-sommes-nous\/#primaryimage\"},\"thumbnailUrl\":\"http:\/\/www.proantic.com\/edition\/wp-content\/uploads\/2014\/03\/os1.jpg\",\"datePublished\":\"2014-03-19T21:20:53+00:00\",\"dateModified\":\"2014-03-19T21:22:30+00:00\",\"description\":\"Proantic est un site internet d\u00e9di\u00e9 aux antiquaires professionnels, cr\u00e9\u00e9 en Novembre 2009. Notre mission est de fournir aux antiquaires un march\u00e9 o\u00f9 leurs\",\"breadcrumb\":{\"@id\":\"https:\/\/www.proantic.com\/magazine\/qui-sommes-nous\/#breadcrumb\"},\"inLanguage\":\"fr-FR\",\"potentialAction\":[{\"@type\":\"ReadAction\",\"target\":[\"https:\/\/www.proantic.com\/magazine\/qui-sommes-nous\/\"]}]},{\"@type\":\"ImageObject\",\"inLanguage\":\"fr-FR\",\"@id\":\"https:\/\/www.proantic.com\/magazine\/qui-sommes-nous\/#primaryimage\",\"url\":\"http:\/\/www.proantic.com\/edition\/wp-content\/uploads\/2014\/03\/os1.jpg\",\"contentUrl\":\"http:\/\/www.proantic.com\/edition\/wp-content\/uploads\/2014\/03\/os1.jpg\"},{\"@type\":\"BreadcrumbList\",\"@id\":\"https:\/\/www.proantic.com\/magazine\/qui-sommes-nous\/#breadcrumb\",\"itemListElement\":[{\"@type\":\"ListItem\",\"position\":1,\"name\":\"Accueil\",\"item\":\"https:\/\/www.proantic.com\/magazine\/\"},{\"@type\":\"ListItem\",\"position\":2,\"name\":\"Qui sommes nous?\"}]},{\"@type\":\"WebSite\",\"@id\":\"https:\/\/www.proantic.com\/magazine\/#website\",\"url\":\"https:\/\/www.proantic.com\/magazine\/\",\"name\":\"Le Magazine de Proantic\",\"description\":\"Magazine d&#039;art et expositions\",\"potentialAction\":[{\"@type\":\"SearchAction\",\"target\":{\"@type\":\"EntryPoint\",\"urlTemplate\":\"https:\/\/www.proantic.com\/magazine\/?s={search_term_string}\"},\"query-input\":{\"@type\":\"PropertyValueSpecification\",\"valueRequired\":true,\"valueName\":\"search_term_string\"}}],\"inLanguage\":\"fr-FR\"}]}<\/script>\n<!-- \/ Yoast SEO plugin. -->","yoast_head_json":{"title":"Qui sommes nous? Le Magazine de Proantic","description":"Proantic est un site internet d\u00e9di\u00e9 aux antiquaires professionnels, cr\u00e9\u00e9 en Novembre 2009. Notre mission est de fournir aux antiquaires un march\u00e9 o\u00f9 leurs","robots":{"index":"index","follow":"follow","max-snippet":"max-snippet:-1","max-image-preview":"max-image-preview:large","max-video-preview":"max-video-preview:-1"},"canonical":"https:\/\/www.proantic.com\/magazine\/qui-sommes-nous\/","og_locale":"fr_FR","og_type":"article","og_title":"Qui sommes nous? Le Magazine de Proantic","og_description":"Proantic est un site internet d\u00e9di\u00e9 aux antiquaires professionnels, cr\u00e9\u00e9 en Novembre 2009. Notre mission est de fournir aux antiquaires un march\u00e9 o\u00f9 leurs","og_url":"https:\/\/www.proantic.com\/magazine\/qui-sommes-nous\/","og_site_name":"Le Magazine de Proantic","article_publisher":"https:\/\/www.facebook.com\/pages\/Proantic\/\/259180871793","article_modified_time":"2014-03-19T21:22:30+00:00","og_image":[{"url":"http:\/\/www.proantic.com\/edition\/wp-content\/uploads\/2014\/03\/os1.jpg","type":"","width":"","height":""}],"twitter_misc":{"Dur\u00e9e de lecture estim\u00e9e":"1 minute"},"schema":{"@context":"https:\/\/schema.org","@graph":[{"@type":"WebPage","@id":"https:\/\/www.proantic.com\/magazine\/qui-sommes-nous\/","url":"https:\/\/www.proantic.com\/magazine\/qui-sommes-nous\/","name":"Qui sommes nous? Le Magazine de Proantic","isPartOf":{"@id":"https:\/\/www.proantic.com\/magazine\/#website"},"primaryImageOfPage":{"@id":"https:\/\/www.proantic.com\/magazine\/qui-sommes-nous\/#primaryimage"},"image":{"@id":"https:\/\/www.proantic.com\/magazine\/qui-sommes-nous\/#primaryimage"},"thumbnailUrl":"http:\/\/www.proantic.com\/edition\/wp-content\/uploads\/2014\/03\/os1.jpg","datePublished":"2014-03-19T21:20:53+00:00","dateModified":"2014-03-19T21:22:30+00:00","description":"Proantic est un site internet d\u00e9di\u00e9 aux antiquaires professionnels, cr\u00e9\u00e9 en Novembre 2009. Notre mission est de fournir aux antiquaires un march\u00e9 o\u00f9 leurs","breadcrumb":{"@id":"https:\/\/www.proantic.com\/magazine\/qui-sommes-nous\/#breadcrumb"},"inLanguage":"fr-FR","potentialAction":[{"@type":"ReadAction","target":["https:\/\/www.proantic.com\/magazine\/qui-sommes-nous\/"]}]},{"@type":"ImageObject","inLanguage":"fr-FR","@id":"https:\/\/www.proantic.com\/magazine\/qui-sommes-nous\/#primaryimage","url":"http:\/\/www.proantic.com\/edition\/wp-content\/uploads\/2014\/03\/os1.jpg","contentUrl":"http:\/\/www.proantic.com\/edition\/wp-content\/uploads\/2014\/03\/os1.jpg"},{"@type":"BreadcrumbList","@id":"https:\/\/www.proantic.com\/magazine\/qui-sommes-nous\/#breadcrumb","itemListElement":[{"@type":"ListItem","position":1,"name":"Accueil","item":"https:\/\/www.proantic.com\/magazine\/"},{"@type":"ListItem","position":2,"name":"Qui sommes nous?"}]},{"@type":"WebSite","@id":"https:\/\/www.proantic.com\/magazine\/#website","url":"https:\/\/www.proantic.com\/magazine\/","name":"Le Magazine de Proantic","description":"Magazine d&#039;art et expositions","potentialAction":[{"@type":"SearchAction","target":{"@type":"EntryPoint","urlTemplate":"https:\/\/www.proantic.com\/magazine\/?s={search_term_string}"},"query-input":{"@type":"PropertyValueSpecification","valueRequired":true,"valueName":"search_term_string"}}],"inLanguage":"fr-FR"}]}},"jetpack_shortlink":"https:\/\/wp.me\/P7EkP3-O","jetpack_sharing_enabled":true,"_links":{"self":[{"href":"https:\/\/www.proantic.com\/magazine\/wp-json\/wp\/v2\/pages\/50","targetHints":{"allow":["GET"]}}],"collection":[{"href":"https:\/\/www.proantic.com\/magazine\/wp-json\/wp\/v2\/pages"}],"about":[{"href":"https:\/\/www.proantic.com\/magazine\/wp-json\/wp\/v2\/types\/page"}],"author":[{"embeddable":true,"href":"https:\/\/www.proantic.com\/magazine\/wp-json\/wp\/v2\/users\/5"}],"replies":[{"embeddable":true,"href":"https:\/\/www.proantic.com\/magazine\/wp-json\/wp\/v2\/comments?post=50"}],"version-history":[{"count":0,"href":"https:\/\/www.proantic.com\/magazine\/wp-json\/wp\/v2\/pages\/50\/revisions"}],"wp:attachment":[{"href":"https:\/\/www.proantic.com\/magazine\/wp-json\/wp\/v2\/media?parent=50"}],"curies":[{"name":"wp","href":"https:\/\/api.w.org\/{rel}","templated":true}]}}